{"id":228,"date":"2026-01-10T15:29:33","date_gmt":"2026-01-10T15:29:33","guid":{"rendered":"https:\/\/firmaaz.cz\/?page_id=228"},"modified":"2026-01-10T15:31:41","modified_gmt":"2026-01-10T15:31:41","slug":"vykup-firem-2","status":"publish","type":"page","link":"https:\/\/firmaaz.cz\/uk\/vykup-firem-2\/","title":{"rendered":"\u0412\u0438\u043a\u0443\u043f \u043a\u043e\u043c\u043f\u0430\u043d\u0456\u0439"},"content":{"rendered":"<p><!-- Hero --><\/p>\n<h1>\u0412\u0438\u043a\u0443\u043f \u043a\u043e\u043c\u043f\u0430\u043d\u0456\u0439<\/h1>\n<p><strong>\u0425\u043e\u0447\u0435\u0442\u0435 \u0448\u0432\u0438\u0434\u043a\u043e \u043f\u0440\u043e\u0434\u0430\u0442\u0438 \u0441\u0432\u043e\u044e \u043a\u043e\u043c\u043f\u0430\u043d\u0456\u044e?<\/strong> \u041c\u0438 \u0437\u0430\u0431\u0435\u0437\u043f\u0435\u0447\u0438\u043c\u043e \u0431\u0435\u0437\u043f\u0435\u0447\u043d\u0438\u0439 \u0456 \u043f\u0440\u043e\u0437\u043e\u0440\u0438\u0439 \u0432\u0438\u043a\u0443\u043f \u043a\u043e\u043c\u043f\u0430\u043d\u0456\u0439. \u041d\u0435\u0437\u0430\u043b\u0435\u0436\u043d\u043e \u0432\u0456\u0434 \u0442\u043e\u0433\u043e, \u0447\u0438 \u0432\u0438 \u0431\u0456\u043b\u044c\u0448\u0435 \u043d\u0435 \u0445\u043e\u0447\u0435\u0442\u0435 \u0432\u0435\u0441\u0442\u0438 \u0431\u0456\u0437\u043d\u0435\u0441, \u0447\u0438 \u0432\u0430\u043c \u043f\u043e\u0442\u0440\u0456\u0431\u043d\u043e \u0437\u0432\u0456\u043b\u044c\u043d\u0438\u0442\u0438 \u043a\u0430\u043f\u0456\u0442\u0430\u043b \u2014 \u043c\u0438 \u0432\u0438\u043a\u0443\u043f\u0438\u043c\u043e \u0432\u0430\u0448\u0443 \u043a\u043e\u043c\u043f\u0430\u043d\u0456\u044e \u0431\u0435\u0437 \u0437\u0430\u0439\u0432\u0438\u0445 \u0437\u0432\u043e\u043b\u0456\u043a\u0430\u043d\u044c.<\/p>\n<div class=\"cta-box\" style=\"margin:20px 0;\">\n<\/div>\n<hr\/>\n<p><!-- Pro\u010d vyu\u017e\u00edt na\u0161i slu\u017ebu --><\/p>\n<h2>\u0427\u043e\u043c\u0443 \u0432\u0430\u0440\u0442\u043e \u0441\u043a\u043e\u0440\u0438\u0441\u0442\u0430\u0442\u0438\u0441\u044f \u0432\u0438\u043a\u0443\u043f\u043e\u043c \u043a\u043e\u043c\u043f\u0430\u043d\u0456\u0439<\/h2>\n<ul>\n<li><strong>\u0428\u0432\u0438\u0434\u043a\u0438\u0439 \u043f\u0440\u043e\u0446\u0435\u0441<\/strong> \u043f\u0435\u0440\u0435\u0434\u0430\u0447\u0430 \u043a\u043e\u043c\u043f\u0430\u043d\u0456\u0457 \u0437\u0430\u0437\u0432\u0438\u0447\u0430\u0439 \u0432\u0456\u0434\u0431\u0443\u0432\u0430\u0454\u0442\u044c\u0441\u044f \u043f\u0440\u043e\u0442\u044f\u0433\u043e\u043c \u043a\u0456\u043b\u044c\u043a\u043e\u0445 \u0434\u043d\u0456\u0432.<\/li>\n<li><strong>\u0411\u0435\u0437\u043f\u0435\u043a\u0430<\/strong> \u0443\u0441\u0456 \u043f\u0435\u0440\u0435\u0434\u0430\u0447\u0456 \u0437\u0434\u0456\u0439\u0441\u043d\u044e\u044e\u0442\u044c\u0441\u044f \u043d\u043e\u0442\u0430\u0440\u0456\u0430\u043b\u044c\u043d\u043e \u0442\u0430 \u0432\u0456\u0434\u043f\u043e\u0432\u0456\u0434\u043d\u043e \u0434\u043e \u0437\u0430\u043a\u043e\u043d\u0443.<\/li>\n<li><strong>\u041f\u0440\u043e\u0437\u043e\u0440\u0456 \u0443\u043c\u043e\u0432\u0438<\/strong> \u0447\u0435\u0441\u043d\u0430 \u0446\u0456\u043d\u0430 \u0442\u0430 \u0447\u0456\u0442\u043a\u043e \u0432\u0438\u0437\u043d\u0430\u0447\u0435\u043d\u0438\u0439 \u043f\u0440\u043e\u0446\u0435\u0441.<\/li>\n<li><strong>\u041a\u043e\u043d\u0444\u0456\u0434\u0435\u043d\u0446\u0456\u0439\u043d\u0456\u0441\u0442\u044c<\/strong> \u0443\u0441\u0456 \u0434\u0430\u043d\u0456 \u0437\u0430\u043b\u0438\u0448\u0430\u044e\u0442\u044c\u0441\u044f \u0432\u0438\u043a\u043b\u044e\u0447\u043d\u043e \u043c\u0456\u0436 \u043d\u0430\u043c\u0438.<\/li>\n<li><strong>\u0415\u043a\u043e\u043d\u043e\u043c\u0456\u044f \u0447\u0430\u0441\u0443 \u0442\u0430 \u043a\u043b\u043e\u043f\u043e\u0442\u0456\u0432<\/strong> \u0432\u0430\u043c \u043d\u0435 \u043f\u043e\u0442\u0440\u0456\u0431\u043d\u043e \u0437\u0430\u0439\u043c\u0430\u0442\u0438\u0441\u044f \u043b\u0456\u043a\u0432\u0456\u0434\u0430\u0446\u0456\u0454\u044e \u0447\u0438 \u0441\u043a\u043b\u0430\u0434\u043d\u043e\u044e \u0430\u0434\u043c\u0456\u043d\u0456\u0441\u0442\u0440\u0430\u0446\u0456\u0454\u044e.<\/li>\n<\/ul>\n<p><!-- Kdy se vyplat\u00ed --><\/p>\n<h2>\u041a\u043e\u043b\u0438 \u0432\u0438\u0433\u0456\u0434\u043d\u043e \u043f\u0440\u043e\u0434\u0430\u0442\u0438 \u043a\u043e\u043c\u043f\u0430\u043d\u0456\u044e<\/h2>\n<p>\u0412\u0438\u043a\u0443\u043f \u043a\u043e\u043c\u043f\u0430\u043d\u0456\u0457 \u2014 \u0446\u0435 \u0432\u0434\u0430\u043b\u0435 \u0440\u0456\u0448\u0435\u043d\u043d\u044f \u0443 \u0442\u0430\u043a\u0438\u0445 \u0432\u0438\u043f\u0430\u0434\u043a\u0430\u0445:<\/p>\n<ul>\n<li>\u0412\u0438 \u0432\u0438\u0440\u0456\u0448\u0438\u043b\u0438 <strong>\u043f\u0440\u0438\u043f\u0438\u043d\u0438\u0442\u0438 \u0431\u0456\u0437\u043d\u0435\u0441<\/strong> \u0456 \u043d\u0435 \u0445\u043e\u0447\u0435\u0442\u0435 \u043f\u0440\u043e\u0445\u043e\u0434\u0438\u0442\u0438 \u043b\u0456\u043a\u0432\u0456\u0434\u0430\u0446\u0456\u044e.<\/li>\n<li>\u0412\u0430\u043c \u043f\u043e\u0442\u0440\u0456\u0431\u043d\u043e <strong>\u0448\u0432\u0438\u0434\u043a\u043e \u043e\u0442\u0440\u0438\u043c\u0430\u0442\u0438 \u043a\u0430\u043f\u0456\u0442\u0430\u043b<\/strong> \u0434\u043b\u044f \u043d\u043e\u0432\u0438\u0445 \u043f\u0440\u043e\u0454\u043a\u0442\u0456\u0432.<\/li>\n<li>\u0412\u0430\u0448\u0430 \u043a\u043e\u043c\u043f\u0430\u043d\u0456\u044f <strong>\u043d\u0435\u0430\u043a\u0442\u0438\u0432\u043d\u0430<\/strong> \u0456 \u0432\u0438 \u0445\u043e\u0447\u0435\u0442\u0435 \u043f\u043e\u0437\u0431\u0443\u0442\u0438\u0441\u044f \u0457\u0457 \u0431\u0435\u0437 \u0434\u043e\u0434\u0430\u0442\u043a\u043e\u0432\u0438\u0445 \u0432\u0438\u0442\u0440\u0430\u0442.<\/li>\n<li>\u0412\u0438 \u0445\u043e\u0447\u0435\u0442\u0435 \u0443\u043d\u0438\u043a\u043d\u0443\u0442\u0438 \u0441\u043a\u043b\u0430\u0434\u043d\u043e\u0457 \u0442\u0430 \u0434\u043e\u0432\u0433\u043e\u0442\u0440\u0438\u0432\u0430\u043b\u043e\u0457 \u043f\u0440\u043e\u0446\u0435\u0434\u0443\u0440\u0438 \u043b\u0456\u043a\u0432\u0456\u0434\u0430\u0446\u0456\u0457.<\/li>\n<\/ul>\n<p><!-- Jak to funguje --><\/p>\n<h2>\u042f\u043a \u0432\u0456\u0434\u0431\u0443\u0432\u0430\u0454\u0442\u044c\u0441\u044f \u0432\u0438\u043a\u0443\u043f \u043a\u043e\u043c\u043f\u0430\u043d\u0456\u0457<\/h2>\n<ol>\n<li>\u0412\u0438 \u0437\u0432\u0435\u0440\u0442\u0430\u0454\u0442\u0435\u0441\u044c \u0434\u043e \u043d\u0430\u0441 \u0456 \u043d\u0430\u0434\u0430\u0454\u0442\u0435 \u043e\u0441\u043d\u043e\u0432\u043d\u0443 \u0456\u043d\u0444\u043e\u0440\u043c\u0430\u0446\u0456\u044e \u043f\u0440\u043e \u0432\u0430\u0448\u0443 \u043a\u043e\u043c\u043f\u0430\u043d\u0456\u044e.<\/li>\n<li>\u041c\u0438 \u043f\u0440\u043e\u0432\u043e\u0434\u0438\u043c\u043e \u043f\u0435\u0440\u0435\u0432\u0456\u0440\u043a\u0443 (due diligence) \u2014 \u0432\u043f\u0435\u0432\u043d\u044e\u0454\u043c\u043e\u0441\u044f, \u0449\u043e \u043a\u043e\u043c\u043f\u0430\u043d\u0456\u044f \u043d\u0435 \u043c\u0430\u0454 \u0437\u043e\u0431\u043e\u0432\u2019\u044f\u0437\u0430\u043d\u044c.<\/li>\n<li>\u0413\u043e\u0442\u0443\u0454\u043c\u043e \u0446\u0456\u043d\u043e\u0432\u0443 \u043f\u0440\u043e\u043f\u043e\u0437\u0438\u0446\u0456\u044e \u0442\u0430 \u043f\u043e\u0433\u043e\u0434\u0436\u0443\u0454\u043c\u043e \u0443\u043c\u043e\u0432\u0438 \u043f\u0435\u0440\u0435\u0434\u0430\u0447\u0456.<\/li>\n<li>\u041f\u0435\u0440\u0435\u0434\u0430\u0447\u0443 \u043e\u0444\u043e\u0440\u043c\u043b\u044e\u0454\u043c\u043e \u043d\u043e\u0442\u0430\u0440\u0456\u0430\u043b\u044c\u043d\u043e, \u0430 \u0432\u0438 \u043e\u0442\u0440\u0438\u043c\u0443\u0454\u0442\u0435 \u0443\u0437\u0433\u043e\u0434\u0436\u0435\u043d\u0443 \u0441\u0443\u043c\u0443.<\/li>\n<\/ol>\n<p><!-- Co z\u00edsk\u00e1te --><\/p>\n<h2>\u0429\u043e \u0432\u0438 \u043e\u0442\u0440\u0438\u043c\u0430\u0454\u0442\u0435, \u043f\u0440\u043e\u0434\u0430\u0432\u0448\u0438 \u043a\u043e\u043c\u043f\u0430\u043d\u0456\u044e<\/h2>\n<ul>\n<li>\u041c\u0438\u0442\u0442\u0454\u0432\u0435 \u043f\u0440\u0438\u043f\u0438\u043d\u0435\u043d\u043d\u044f \u0432\u0456\u0434\u043f\u043e\u0432\u0456\u0434\u0430\u043b\u044c\u043d\u043e\u0441\u0442\u0456 \u0437\u0430 \u043a\u043e\u043c\u043f\u0430\u043d\u0456\u044e.<\/li>\n<li>\u0428\u0432\u0438\u0434\u043a\u0443 \u0432\u0438\u043f\u043b\u0430\u0442\u0443 \u0443\u0437\u0433\u043e\u0434\u0436\u0435\u043d\u043e\u0457 \u0441\u0443\u043c\u0438.<\/li>\n<li>\u041d\u043e\u0442\u0430\u0440\u0456\u0430\u043b\u044c\u043d\u043e \u043f\u0456\u0434\u0442\u0432\u0435\u0440\u0434\u0436\u0435\u043d\u0443 \u0439 \u044e\u0440\u0438\u0434\u0438\u0447\u043d\u043e \u0431\u0435\u0437\u043f\u0435\u0447\u043d\u0443 \u043f\u0435\u0440\u0435\u0434\u0430\u0447\u0443.<\/li>\n<li>\u041d\u043e\u0442\u0430\u0440\u0456\u0430\u043b\u044c\u043d\u043e \u043f\u0456\u0434\u0442\u0432\u0435\u0440\u0434\u0436\u0435\u043d\u0443 \u0439 \u044e\u0440\u0438\u0434\u0438\u0447\u043d\u043e \u0431\u0435\u0437\u043f\u0435\u0447\u043d\u0443 \u043f\u0435\u0440\u0435\u0434\u0430\u0447\u0443.<\/li>\n<\/ul>\n<p><!-- CTA --><\/p>\n<div class=\"cta-box\" style=\"text-align:center; margin:36px 0;\">\n<\/div>","protected":false},"excerpt":{"rendered":"<p>V\u00fdkup firem Chcete rychle prodat svou spole\u010dnost? Zajist\u00edme bezpe\u010dn\u00fd a transparentn\u00ed v\u00fdkup firem. A\u0165 u\u017e u\u017e nechcete podnikat, nebo pot\u0159ebujete uvolnit kapit\u00e1l, vykoup\u00edme va\u0161i spole\u010dnost bez zbyte\u010dn\u00fdch pr\u016ftah\u016f. Pro\u010d vyu\u017e\u00edt v\u00fdkup firem Rychl\u00fd proces \u2013 p\u0159evod firmy vy\u0159\u00edd\u00edme obvykle b\u011bhem n\u011bkolika dn\u016f. Bezpe\u010dnost \u2013 v\u0161echny p\u0159evody prob\u00edhaj\u00ed not\u00e1\u0159sky a v souladu se z\u00e1konem. Transparentn\u00ed podm\u00ednky [&hellip;]<\/p>","protected":false},"author":1,"featured_media":0,"parent":0,"menu_order":0,"comment_status":"closed","ping_status":"closed","template":"","meta":{"footnotes":""},"class_list":["post-228","page","type-page","status-publish","hentry"],"_links":{"self":[{"href":"https:\/\/firmaaz.cz\/uk\/wp-json\/wp\/v2\/pages\/228","targetHints":{"allow":["GET"]}}],"collection":[{"href":"https:\/\/firmaaz.cz\/uk\/wp-json\/wp\/v2\/pages"}],"about":[{"href":"https:\/\/firmaaz.cz\/uk\/wp-json\/wp\/v2\/types\/page"}],"author":[{"embeddable":true,"href":"https:\/\/firmaaz.cz\/uk\/wp-json\/wp\/v2\/users\/1"}],"replies":[{"embeddable":true,"href":"https:\/\/firmaaz.cz\/uk\/wp-json\/wp\/v2\/comments?post=228"}],"version-history":[{"count":1,"href":"https:\/\/firmaaz.cz\/uk\/wp-json\/wp\/v2\/pages\/228\/revisions"}],"predecessor-version":[{"id":229,"href":"https:\/\/firmaaz.cz\/uk\/wp-json\/wp\/v2\/pages\/228\/revisions\/229"}],"wp:attachment":[{"href":"https:\/\/firmaaz.cz\/uk\/wp-json\/wp\/v2\/media?parent=228"}],"curies":[{"name":"wp","href":"https:\/\/api.w.org\/{rel}","templated":true}]}}